{"id":97,"date":"2023-07-24T16:47:01","date_gmt":"2023-07-24T16:47:01","guid":{"rendered":"http:\/\/www.nutriarte.es\/?page_id=97"},"modified":"2026-03-18T18:48:53","modified_gmt":"2026-03-18T18:48:53","slug":"yo","status":"publish","type":"page","link":"https:\/\/www.nutriarte.es\/index.php\/yo\/","title":{"rendered":"Yo"},"content":{"rendered":"\t\t<div data-elementor-type=\"wp-page\" data-elementor-id=\"97\" class=\"elementor elementor-97\" data-elementor-post-type=\"page\">\n\t\t\t\t\t\t<section class=\"elementor-section elementor-top-section elementor-element elementor-element-ee82929 elementor-section-boxed elementor-section-height-default elementor-section-height-default\" data-id=\"ee82929\" data-element_type=\"section\" data-e-type=\"section\">\n\t\t\t\t\t\t<div class=\"elementor-container elementor-column-gap-default\">\n\t\t\t\t\t<div class=\"elementor-column elementor-col-100 elementor-top-column elementor-element elementor-element-ad1d913\" data-id=\"ad1d913\" data-element_type=\"column\" data-e-type=\"column\">\n\t\t\t<div class=\"elementor-widget-wrap elementor-element-populated\">\n\t\t\t\t\t\t<div class=\"elementor-element elementor-element-6242010 elementor-widget elementor-widget-heading\" data-id=\"6242010\" data-element_type=\"widget\" data-e-type=\"widget\" data-widget_type=\"heading.default\">\n\t\t\t\t<div class=\"elementor-widget-container\">\n\t\t\t\t\t<h2 class=\"elementor-heading-title elementor-size-default\">Con\u00f3ceme<\/h2>\t\t\t\t<\/div>\n\t\t\t\t<\/div>\n\t\t\t\t\t<\/div>\n\t\t<\/div>\n\t\t\t\t\t<\/div>\n\t\t<\/section>\n\t\t\t\t<section class=\"elementor-section elementor-top-section elementor-element elementor-element-5222835 elementor-section-boxed elementor-section-height-default elementor-section-height-default\" data-id=\"5222835\" data-element_type=\"section\" data-e-type=\"section\">\n\t\t\t\t\t\t<div class=\"elementor-container elementor-column-gap-default\">\n\t\t\t\t\t<div class=\"elementor-column elementor-col-33 elementor-top-column elementor-element elementor-element-84bf225\" data-id=\"84bf225\" data-element_type=\"column\" data-e-type=\"column\">\n\t\t\t<div class=\"elementor-widget-wrap elementor-element-populated\">\n\t\t\t\t\t\t<div class=\"elementor-element elementor-element-a37c0e2 elementor-widget elementor-widget-image\" data-id=\"a37c0e2\" data-element_type=\"widget\" data-e-type=\"widget\" data-widget_type=\"image.default\">\n\t\t\t\t<div class=\"elementor-widget-container\">\n\t\t\t\t\t\t\t\t\t\t\t\t\t\t\t<img fetchpriority=\"high\" decoding=\"async\" width=\"360\" height=\"300\" src=\"https:\/\/www.nutriarte.es\/wp-content\/uploads\/2023\/10\/FOTO-LAURA-LOPEZ-QUIEN-SOY-NUTRIARTE.jpg\" class=\"attachment-large size-large wp-image-422\" alt=\"\" srcset=\"https:\/\/www.nutriarte.es\/wp-content\/uploads\/2023\/10\/FOTO-LAURA-LOPEZ-QUIEN-SOY-NUTRIARTE.jpg 360w, https:\/\/www.nutriarte.es\/wp-content\/uploads\/2023\/10\/FOTO-LAURA-LOPEZ-QUIEN-SOY-NUTRIARTE-300x250.jpg 300w\" sizes=\"(max-width: 360px) 100vw, 360px\" \/>\t\t\t\t\t\t\t\t\t\t\t\t\t\t\t<\/div>\n\t\t\t\t<\/div>\n\t\t\t\t<div class=\"elementor-element elementor-element-0884498 elementor-widget elementor-widget-image\" data-id=\"0884498\" data-element_type=\"widget\" data-e-type=\"widget\" data-widget_type=\"image.default\">\n\t\t\t\t<div class=\"elementor-widget-container\">\n\t\t\t\t\t\t\t\t\t\t\t\t\t\t\t<img decoding=\"async\" width=\"360\" height=\"300\" src=\"https:\/\/www.nutriarte.es\/wp-content\/uploads\/2023\/10\/FOTO-LAURA-LOPEZ-QUIEN-SOY-PARQUE-NUTRIARTE.jpg\" class=\"attachment-large size-large wp-image-423\" alt=\"\" srcset=\"https:\/\/www.nutriarte.es\/wp-content\/uploads\/2023\/10\/FOTO-LAURA-LOPEZ-QUIEN-SOY-PARQUE-NUTRIARTE.jpg 360w, https:\/\/www.nutriarte.es\/wp-content\/uploads\/2023\/10\/FOTO-LAURA-LOPEZ-QUIEN-SOY-PARQUE-NUTRIARTE-300x250.jpg 300w\" sizes=\"(max-width: 360px) 100vw, 360px\" \/>\t\t\t\t\t\t\t\t\t\t\t\t\t\t\t<\/div>\n\t\t\t\t<\/div>\n\t\t\t\t\t<\/div>\n\t\t<\/div>\n\t\t\t\t<div class=\"elementor-column elementor-col-66 elementor-top-column elementor-element elementor-element-ff9d388\" data-id=\"ff9d388\" data-element_type=\"column\" data-e-type=\"column\">\n\t\t\t<div class=\"elementor-widget-wrap elementor-element-populated\">\n\t\t\t\t\t\t<div class=\"elementor-element elementor-element-8b4d8db elementor-widget elementor-widget-text-editor\" data-id=\"8b4d8db\" data-element_type=\"widget\" data-e-type=\"widget\" data-widget_type=\"text-editor.default\">\n\t\t\t\t<div class=\"elementor-widget-container\">\n\t\t\t\t\t\t\t\t\t<p><strong>Mi nombre es Laura y soy dietista integrativa<\/strong>, <strong>especializada en nutrici\u00f3n digestiva y hormonal femenina<\/strong>.<\/p><p>Tambi\u00e9n soy una apasionada del <strong>arte<\/strong>, de la <strong>naturaleza<\/strong> y del complejo funcionamiento del <strong>ser humano.<\/strong><\/p><p>Como ocurre con las estaciones, con las fases lunares, con los 4 elementos o con las fases de nuestro ciclo menstrual\u2026 <strong>Hay cuatro energ\u00edas en m\u00ed<\/strong>. (En realidad, est\u00e1n presentes en todas nosotras, seamos m\u00e1s o menos conscientes de ellas).<\/p><p>Mi parte <strong>racional<\/strong>, necesita unas bases s\u00f3lidas, firmes. De ah\u00ed, toda mi formaci\u00f3n acad\u00e9mica (que me da el fundamento y el rigor para sentirme segura y c\u00f3moda).<\/p><p>Tambi\u00e9n soy muy <strong>emocional y creativa<\/strong>. Creo que la ciencia no est\u00e1 re\u00f1ida con el humanismo y el arte. De hecho, creo que se retroalimentan, se nutren y se potencian entre s\u00ed. Es por eso que intento hacer participe a la persona de su proceso, explic\u00e1ndole de la manera m\u00e1s amena y creativa que puedo y s\u00e9, los porqu\u00e9s y los paraqu\u00e9s de cada pauta.\u00a0Y es por eso tambi\u00e9n, que intento integrar en cada consulta aquello que no se puede medir (valores, contextos, v\u00ednculos&#8230;) pero que tiene un impacto profundo en nuestra salud (con empat\u00eda y respeto).<\/p><p>Soy tambi\u00e9n muy <strong>sensitiva\/sensible.<\/strong> Esto es un regalo cuando aprendes a regularlo (a trav\u00e9s de la respiraci\u00f3n consciente, del ejercicio, de la nutrici\u00f3n&#8230;) y es tambi\u00e9n, lo que intento trasladar en mis consultas.\u00a0<\/p><p>Y, por \u00faltimo, est\u00e1 mi parte <strong>espiritual<\/strong>. Mi vinculaci\u00f3n con la naturaleza me nutre profundamente y me da herramientas valios\u00edsimas (como la fitoterapia).\u00a0<\/p><p>Esta soy yo y esta es mi forma de acompa\u00f1ar, si te resuena, nos vemos en Nutriarte \ud83d\ude0a<\/p>\t\t\t\t\t\t\t\t<\/div>\n\t\t\t\t<\/div>\n\t\t\t\t\t<\/div>\n\t\t<\/div>\n\t\t\t\t\t<\/div>\n\t\t<\/section>\n\t\t\t\t<section class=\"elementor-section elementor-top-section elementor-element elementor-element-3f02c5c elementor-section-boxed elementor-section-height-default elementor-section-height-default\" data-id=\"3f02c5c\" data-element_type=\"section\" data-e-type=\"section\">\n\t\t\t\t\t\t<div class=\"elementor-container elementor-column-gap-default\">\n\t\t\t\t\t<div class=\"elementor-column elementor-col-100 elementor-top-column elementor-element elementor-element-7c84ff5\" data-id=\"7c84ff5\" data-element_type=\"column\" data-e-type=\"column\">\n\t\t\t<div class=\"elementor-widget-wrap elementor-element-populated\">\n\t\t\t\t\t\t<div class=\"elementor-element elementor-element-93c3425 elementor-widget elementor-widget-text-editor\" data-id=\"93c3425\" data-element_type=\"widget\" data-e-type=\"widget\" data-widget_type=\"text-editor.default\">\n\t\t\t\t<div class=\"elementor-widget-container\">\n\t\t\t\t\t\t\t\t\t<p>\u00a0<\/p><p>\u00a0<\/p><p>Te dejo aqu\u00ed abajo mi formaci\u00f3n acad\u00e9mica por si necesitas echarle un ojo:<\/p>\t\t\t\t\t\t\t\t<\/div>\n\t\t\t\t<\/div>\n\t\t\t\t\t<\/div>\n\t\t<\/div>\n\t\t\t\t\t<\/div>\n\t\t<\/section>\n\t\t\t\t<section class=\"elementor-section elementor-top-section elementor-element elementor-element-c822e5f elementor-section-boxed elementor-section-height-default elementor-section-height-default\" data-id=\"c822e5f\" data-element_type=\"section\" data-e-type=\"section\" data-settings=\"{&quot;background_background&quot;:&quot;classic&quot;}\">\n\t\t\t\t\t\t<div class=\"elementor-container elementor-column-gap-default\">\n\t\t\t\t\t<div class=\"elementor-column elementor-col-100 elementor-top-column elementor-element elementor-element-34b782b\" data-id=\"34b782b\" data-element_type=\"column\" data-e-type=\"column\" data-settings=\"{&quot;background_background&quot;:&quot;classic&quot;}\">\n\t\t\t<div class=\"elementor-widget-wrap elementor-element-populated\">\n\t\t\t\t\t\t<div class=\"elementor-element elementor-element-3c3c7b8 elementor-position-inline-start elementor-view-default elementor-mobile-position-block-start elementor-widget elementor-widget-icon-box\" data-id=\"3c3c7b8\" data-element_type=\"widget\" data-e-type=\"widget\" data-widget_type=\"icon-box.default\">\n\t\t\t\t<div class=\"elementor-widget-container\">\n\t\t\t\t\t\t\t<div class=\"elementor-icon-box-wrapper\">\n\n\t\t\t\t\t\t<div class=\"elementor-icon-box-icon\">\n\t\t\t\t<span  class=\"elementor-icon\">\n\t\t\t\t<i aria-hidden=\"true\" class=\"fas fa-graduation-cap\"><\/i>\t\t\t\t<\/span>\n\t\t\t<\/div>\n\t\t\t\n\t\t\t\t\t\t<div class=\"elementor-icon-box-content\">\n\n\t\t\t\t\n\t\t\t\t\t\t\t\t\t<p class=\"elementor-icon-box-description\">\n\t\t\t\t\t\t<b>- T\u00e9cnico superior en Diet\u00e9tica y Nutrici\u00f3n <\/b> (I.E.S Roger de Lluria) <br>\n<b>- Especialista en Micronutrici\u00f3n y Dietoterapia<\/b>  (Universidad de Almer\u00eda)<br>\n<b>- Postgrado on-line en Sistema Digestivo y Microbiota<\/b>  (Academia Regenera. Cursando)<br>\n<b>- Experta en nutrici\u00f3n y salud hormonal femenina<\/b>  (Centro de Estudios Avanzados en Nutrici\u00f3n: CEAN) <br>\n<b>- Experta en SIBO<\/b>  (Academia Regenera) <br>\n<b>- Abordaje integrativo de la Endometriosis<\/b>  (Academia Regenera)<br>\n<b>- Formaci\u00f3n en Neurociencia de la Mujer<\/b>  (Impartida por Sara Teller. F\u00edsica, biof\u00edsica y Doctorada en Neurociencia). <br>\n<b>- Formaci\u00f3n en Neurociencia: \u201cEl cerebro como aliado\u201d<\/b>  (Impartida por Nazareth Castellanos. F\u00edsica, Doctorada en Neurociencia y c\u00e1tedra extraordinaria de Mindfulness y ciencias cognitivas de la Universidad complutense de Madrid). <br>\n<b>- Formaci\u00f3n en fisiolog\u00eda integrativa <\/b>   (Dra Alba Cabellos)\n\t\t\t\t\t<\/p>\n\t\t\t\t\n\t\t\t<\/div>\n\t\t\t\n\t\t<\/div>\n\t\t\t\t\t\t<\/div>\n\t\t\t\t<\/div>\n\t\t\t\t\t<\/div>\n\t\t<\/div>\n\t\t\t\t\t<\/div>\n\t\t<\/section>\n\t\t\t\t<section class=\"elementor-section elementor-top-section elementor-element elementor-element-a404dff elementor-section-boxed elementor-section-height-default elementor-section-height-default\" data-id=\"a404dff\" data-element_type=\"section\" data-e-type=\"section\">\n\t\t\t\t\t\t<div class=\"elementor-container elementor-column-gap-default\">\n\t\t\t\t\t<div class=\"elementor-column elementor-col-100 elementor-top-column elementor-element elementor-element-29bfc6f\" data-id=\"29bfc6f\" data-element_type=\"column\" data-e-type=\"column\">\n\t\t\t<div class=\"elementor-widget-wrap elementor-element-populated\">\n\t\t\t\t\t\t<div class=\"elementor-element elementor-element-49ee27c elementor-widget elementor-widget-spacer\" data-id=\"49ee27c\" data-element_type=\"widget\" data-e-type=\"widget\" data-widget_type=\"spacer.default\">\n\t\t\t\t<div class=\"elementor-widget-container\">\n\t\t\t\t\t\t\t<div class=\"elementor-spacer\">\n\t\t\t<div class=\"elementor-spacer-inner\"><\/div>\n\t\t<\/div>\n\t\t\t\t\t\t<\/div>\n\t\t\t\t<\/div>\n\t\t\t\t\t<\/div>\n\t\t<\/div>\n\t\t\t\t\t<\/div>\n\t\t<\/section>\n\t\t\t\t<\/div>\n\t\t","protected":false},"excerpt":{"rendered":"<p>Con\u00f3ceme Mi nombre es Laura y soy dietista integrativa, especializada en nutrici\u00f3n digestiva y hormonal femenina. Tambi\u00e9n soy una apasionada del arte, de la naturaleza y del complejo funcionamiento del ser humano. Como ocurre con las estaciones, con las fases lunares, con los 4 elementos o con las fases de nuestro ciclo menstrual\u2026 Hay cuatro [&hellip;]<\/p>\n","protected":false},"author":1,"featured_media":0,"parent":0,"menu_order":0,"comment_status":"closed","ping_status":"open","template":"","meta":{"footnotes":""},"class_list":["post-97","page","type-page","status-publish","hentry"],"aioseo_notices":[],"yoast_head":"<!-- This site is optimized with the Yoast SEO plugin v27.2 - https:\/\/yoast.com\/product\/yoast-seo-wordpress\/ -->\n<title>Yo - Nutriarte<\/title>\n<meta name=\"robots\" content=\"index, follow, max-snippet:-1, max-image-preview:large, max-video-preview:-1\" \/>\n<link rel=\"canonical\" href=\"https:\/\/www.nutriarte.es\/index.php\/yo\/\" \/>\n<meta property=\"og:locale\" content=\"es_ES\" \/>\n<meta property=\"og:type\" content=\"article\" \/>\n<meta property=\"og:title\" content=\"Yo - Nutriarte\" \/>\n<meta property=\"og:description\" content=\"Con\u00f3ceme Mi nombre es Laura y soy dietista integrativa, especializada en nutrici\u00f3n digestiva y hormonal femenina. Tambi\u00e9n soy una apasionada del arte, de la naturaleza y del complejo funcionamiento del ser humano. Como ocurre con las estaciones, con las fases lunares, con los 4 elementos o con las fases de nuestro ciclo menstrual\u2026 Hay cuatro [&hellip;]\" \/>\n<meta property=\"og:url\" content=\"https:\/\/www.nutriarte.es\/index.php\/yo\/\" \/>\n<meta property=\"og:site_name\" content=\"Nutriarte\" \/>\n<meta property=\"article:modified_time\" content=\"2026-03-18T18:48:53+00:00\" \/>\n<meta property=\"og:image\" content=\"https:\/\/www.nutriarte.es\/wp-content\/uploads\/2023\/10\/FOTO-LAURA-LOPEZ-QUIEN-SOY-NUTRIARTE.jpg\" \/>\n\t<meta property=\"og:image:width\" content=\"360\" \/>\n\t<meta property=\"og:image:height\" content=\"300\" \/>\n\t<meta property=\"og:image:type\" content=\"image\/jpeg\" \/>\n<meta name=\"twitter:card\" content=\"summary_large_image\" \/>\n<meta name=\"twitter:label1\" content=\"Tiempo de lectura\" \/>\n\t<meta name=\"twitter:data1\" content=\"2 minutos\" \/>\n<script type=\"application\/ld+json\" class=\"yoast-schema-graph\">{\"@context\":\"https:\/\/schema.org\",\"@graph\":[{\"@type\":\"WebPage\",\"@id\":\"https:\/\/www.nutriarte.es\/index.php\/yo\/\",\"url\":\"https:\/\/www.nutriarte.es\/index.php\/yo\/\",\"name\":\"Yo - Nutriarte\",\"isPartOf\":{\"@id\":\"https:\/\/www.nutriarte.es\/#website\"},\"primaryImageOfPage\":{\"@id\":\"https:\/\/www.nutriarte.es\/index.php\/yo\/#primaryimage\"},\"image\":{\"@id\":\"https:\/\/www.nutriarte.es\/index.php\/yo\/#primaryimage\"},\"thumbnailUrl\":\"https:\/\/www.nutriarte.es\/wp-content\/uploads\/2023\/10\/FOTO-LAURA-LOPEZ-QUIEN-SOY-NUTRIARTE.jpg\",\"datePublished\":\"2023-07-24T16:47:01+00:00\",\"dateModified\":\"2026-03-18T18:48:53+00:00\",\"breadcrumb\":{\"@id\":\"https:\/\/www.nutriarte.es\/index.php\/yo\/#breadcrumb\"},\"inLanguage\":\"es\",\"potentialAction\":[{\"@type\":\"ReadAction\",\"target\":[\"https:\/\/www.nutriarte.es\/index.php\/yo\/\"]}]},{\"@type\":\"ImageObject\",\"inLanguage\":\"es\",\"@id\":\"https:\/\/www.nutriarte.es\/index.php\/yo\/#primaryimage\",\"url\":\"https:\/\/www.nutriarte.es\/wp-content\/uploads\/2023\/10\/FOTO-LAURA-LOPEZ-QUIEN-SOY-NUTRIARTE.jpg\",\"contentUrl\":\"https:\/\/www.nutriarte.es\/wp-content\/uploads\/2023\/10\/FOTO-LAURA-LOPEZ-QUIEN-SOY-NUTRIARTE.jpg\",\"width\":360,\"height\":300},{\"@type\":\"BreadcrumbList\",\"@id\":\"https:\/\/www.nutriarte.es\/index.php\/yo\/#breadcrumb\",\"itemListElement\":[{\"@type\":\"ListItem\",\"position\":1,\"name\":\"Portada\",\"item\":\"https:\/\/www.nutriarte.es\/\"},{\"@type\":\"ListItem\",\"position\":2,\"name\":\"Yo\"}]},{\"@type\":\"WebSite\",\"@id\":\"https:\/\/www.nutriarte.es\/#website\",\"url\":\"https:\/\/www.nutriarte.es\/\",\"name\":\"Nutriarte\",\"description\":\"Nutrici\u00f3n Integrativa Femenina\",\"publisher\":{\"@id\":\"https:\/\/www.nutriarte.es\/#organization\"},\"potentialAction\":[{\"@type\":\"SearchAction\",\"target\":{\"@type\":\"EntryPoint\",\"urlTemplate\":\"https:\/\/www.nutriarte.es\/?s={search_term_string}\"},\"query-input\":{\"@type\":\"PropertyValueSpecification\",\"valueRequired\":true,\"valueName\":\"search_term_string\"}}],\"inLanguage\":\"es\"},{\"@type\":\"Organization\",\"@id\":\"https:\/\/www.nutriarte.es\/#organization\",\"name\":\"Nutriarte\",\"url\":\"https:\/\/www.nutriarte.es\/\",\"logo\":{\"@type\":\"ImageObject\",\"inLanguage\":\"es\",\"@id\":\"https:\/\/www.nutriarte.es\/#\/schema\/logo\/image\/\",\"url\":\"https:\/\/www.nutriarte.es\/wp-content\/uploads\/2023\/07\/logo-nutriarte.png\",\"contentUrl\":\"https:\/\/www.nutriarte.es\/wp-content\/uploads\/2023\/07\/logo-nutriarte.png\",\"width\":497,\"height\":152,\"caption\":\"Nutriarte\"},\"image\":{\"@id\":\"https:\/\/www.nutriarte.es\/#\/schema\/logo\/image\/\"}}]}<\/script>\n<!-- \/ Yoast SEO plugin. -->","yoast_head_json":{"title":"Yo - Nutriarte","robots":{"index":"index","follow":"follow","max-snippet":"max-snippet:-1","max-image-preview":"max-image-preview:large","max-video-preview":"max-video-preview:-1"},"canonical":"https:\/\/www.nutriarte.es\/index.php\/yo\/","og_locale":"es_ES","og_type":"article","og_title":"Yo - Nutriarte","og_description":"Con\u00f3ceme Mi nombre es Laura y soy dietista integrativa, especializada en nutrici\u00f3n digestiva y hormonal femenina. Tambi\u00e9n soy una apasionada del arte, de la naturaleza y del complejo funcionamiento del ser humano. Como ocurre con las estaciones, con las fases lunares, con los 4 elementos o con las fases de nuestro ciclo menstrual\u2026 Hay cuatro [&hellip;]","og_url":"https:\/\/www.nutriarte.es\/index.php\/yo\/","og_site_name":"Nutriarte","article_modified_time":"2026-03-18T18:48:53+00:00","og_image":[{"width":360,"height":300,"url":"https:\/\/www.nutriarte.es\/wp-content\/uploads\/2023\/10\/FOTO-LAURA-LOPEZ-QUIEN-SOY-NUTRIARTE.jpg","type":"image\/jpeg"}],"twitter_card":"summary_large_image","twitter_misc":{"Tiempo de lectura":"2 minutos"},"schema":{"@context":"https:\/\/schema.org","@graph":[{"@type":"WebPage","@id":"https:\/\/www.nutriarte.es\/index.php\/yo\/","url":"https:\/\/www.nutriarte.es\/index.php\/yo\/","name":"Yo - Nutriarte","isPartOf":{"@id":"https:\/\/www.nutriarte.es\/#website"},"primaryImageOfPage":{"@id":"https:\/\/www.nutriarte.es\/index.php\/yo\/#primaryimage"},"image":{"@id":"https:\/\/www.nutriarte.es\/index.php\/yo\/#primaryimage"},"thumbnailUrl":"https:\/\/www.nutriarte.es\/wp-content\/uploads\/2023\/10\/FOTO-LAURA-LOPEZ-QUIEN-SOY-NUTRIARTE.jpg","datePublished":"2023-07-24T16:47:01+00:00","dateModified":"2026-03-18T18:48:53+00:00","breadcrumb":{"@id":"https:\/\/www.nutriarte.es\/index.php\/yo\/#breadcrumb"},"inLanguage":"es","potentialAction":[{"@type":"ReadAction","target":["https:\/\/www.nutriarte.es\/index.php\/yo\/"]}]},{"@type":"ImageObject","inLanguage":"es","@id":"https:\/\/www.nutriarte.es\/index.php\/yo\/#primaryimage","url":"https:\/\/www.nutriarte.es\/wp-content\/uploads\/2023\/10\/FOTO-LAURA-LOPEZ-QUIEN-SOY-NUTRIARTE.jpg","contentUrl":"https:\/\/www.nutriarte.es\/wp-content\/uploads\/2023\/10\/FOTO-LAURA-LOPEZ-QUIEN-SOY-NUTRIARTE.jpg","width":360,"height":300},{"@type":"BreadcrumbList","@id":"https:\/\/www.nutriarte.es\/index.php\/yo\/#breadcrumb","itemListElement":[{"@type":"ListItem","position":1,"name":"Portada","item":"https:\/\/www.nutriarte.es\/"},{"@type":"ListItem","position":2,"name":"Yo"}]},{"@type":"WebSite","@id":"https:\/\/www.nutriarte.es\/#website","url":"https:\/\/www.nutriarte.es\/","name":"Nutriarte","description":"Nutrici\u00f3n Integrativa Femenina","publisher":{"@id":"https:\/\/www.nutriarte.es\/#organization"},"potentialAction":[{"@type":"SearchAction","target":{"@type":"EntryPoint","urlTemplate":"https:\/\/www.nutriarte.es\/?s={search_term_string}"},"query-input":{"@type":"PropertyValueSpecification","valueRequired":true,"valueName":"search_term_string"}}],"inLanguage":"es"},{"@type":"Organization","@id":"https:\/\/www.nutriarte.es\/#organization","name":"Nutriarte","url":"https:\/\/www.nutriarte.es\/","logo":{"@type":"ImageObject","inLanguage":"es","@id":"https:\/\/www.nutriarte.es\/#\/schema\/logo\/image\/","url":"https:\/\/www.nutriarte.es\/wp-content\/uploads\/2023\/07\/logo-nutriarte.png","contentUrl":"https:\/\/www.nutriarte.es\/wp-content\/uploads\/2023\/07\/logo-nutriarte.png","width":497,"height":152,"caption":"Nutriarte"},"image":{"@id":"https:\/\/www.nutriarte.es\/#\/schema\/logo\/image\/"}}]}},"_links":{"self":[{"href":"https:\/\/www.nutriarte.es\/index.php\/wp-json\/wp\/v2\/pages\/97","targetHints":{"allow":["GET"]}}],"collection":[{"href":"https:\/\/www.nutriarte.es\/index.php\/wp-json\/wp\/v2\/pages"}],"about":[{"href":"https:\/\/www.nutriarte.es\/index.php\/wp-json\/wp\/v2\/types\/page"}],"author":[{"embeddable":true,"href":"https:\/\/www.nutriarte.es\/index.php\/wp-json\/wp\/v2\/users\/1"}],"replies":[{"embeddable":true,"href":"https:\/\/www.nutriarte.es\/index.php\/wp-json\/wp\/v2\/comments?post=97"}],"version-history":[{"count":28,"href":"https:\/\/www.nutriarte.es\/index.php\/wp-json\/wp\/v2\/pages\/97\/revisions"}],"predecessor-version":[{"id":10699,"href":"https:\/\/www.nutriarte.es\/index.php\/wp-json\/wp\/v2\/pages\/97\/revisions\/10699"}],"wp:attachment":[{"href":"https:\/\/www.nutriarte.es\/index.php\/wp-json\/wp\/v2\/media?parent=97"}],"curies":[{"name":"wp","href":"https:\/\/api.w.org\/{rel}","templated":true}]}}